{"id":809,"date":"2019-03-13T08:04:16","date_gmt":"2019-03-13T07:04:16","guid":{"rendered":"https:\/\/cebe.be\/htm\/?page_id=809"},"modified":"2019-03-13T08:04:56","modified_gmt":"2019-03-13T07:04:56","slug":"reglementation","status":"publish","type":"page","link":"https:\/\/www.fournilhtm.be\/htm\/reglementation\/","title":{"rendered":"R\u00e8glementation"},"content":{"rendered":"<h2>R\u00e9glementation en boulangerie &#8211; fours \u00e0 pain<\/h2>\n<ul>\n<li><strong>AFSCA<br \/>\n<\/strong>&#8211; <a href=\"http:\/\/www.afsca.be\/agrements\/faq\/\" target=\"_blank\" rel=\"noopener noreferrer\">Agr\u00e9ments : page g\u00e9n\u00e9rale<img loading=\"lazy\" decoding=\"async\" class=\"size-thumbnail wp-image-683 alignright\" src=\"https:\/\/cebe.be\/htm\/wp-content\/uploads\/2018\/10\/afsca-150x150.png\" alt=\"\" width=\"150\" height=\"150\" srcset=\"https:\/\/www.fournilhtm.be\/htm\/wp-content\/uploads\/2018\/10\/afsca-150x150.png 150w, https:\/\/www.fournilhtm.be\/htm\/wp-content\/uploads\/2018\/10\/afsca-100x100.png 100w\" sizes=\"auto, (max-width: 150px) 100vw, 150px\" \/><\/a><br \/>\n<img loading=\"lazy\" decoding=\"async\" class=\"alignnone size-full wp-image-517\" src=\"https:\/\/cebe.be\/htm\/wp-content\/uploads\/2018\/01\/saut_de_ligne_15.png\" alt=\"\" width=\"15\" height=\"15\"><br \/>\n&#8211;&nbsp; <a href=\"http:\/\/www.afsca.be\/agrements\/faq\/#q20\" target=\"_blank\" rel=\"noopener noreferrer\">Agr\u00e9ment &#8211; cas particulier : FAQ 20.&nbsp; Asbl ne produisant et\/ou ne mettant en vente des denr\u00e9es alimentaires que de mani\u00e8re occasionnelle<\/a><br \/>\n&#8211; <a href=\"http:\/\/www.afsca.be\/agrements\/faq\/#q35\" target=\"_blank\" rel=\"noopener noreferrer\"> Agr\u00e9ment&nbsp; &#8211; cas particulier : FAQ 35.&nbsp; Ateliers de cuisine<\/a><br \/>\n<img loading=\"lazy\" decoding=\"async\" class=\"alignnone size-full wp-image-517\" src=\"https:\/\/cebe.be\/htm\/wp-content\/uploads\/2018\/01\/saut_de_ligne_15.png\" alt=\"\" width=\"15\" height=\"15\"><br \/>\nGuides de bonnes pratiques, qu&rsquo;il y ait agr\u00e9ment AFSCA ou non :<br \/>\n&#8211; <a href=\"http:\/\/www.kvbm-armb.be\/fr\/dossiers-2\/securite-alimentaire\/guide-autocontrole\/\" target=\"_blank\" rel=\"noopener noreferrer\">G-020 &#8211; Guide d&rsquo;autocontr\u00f4le pour les Meuniers<\/a><br \/>\n&#8211; <a href=\"http:\/\/www.afsca.be\/autocontrole-fr\/guides\/distribution\/g026\/_documents\/G-026_V2_FR_18-06-2013.pdf\" target=\"_blank\" rel=\"noopener noreferrer\">G-026 &#8211; Guide d\u2019autocontr\u00f4le pour les boulangeries et p\u00e2tisseries<\/a><br \/>\n&#8211; <a href=\"http:\/\/www.favv.be\/autocontrole-fr\/guides\/distribution\/g023\/_documents\/G-023_v2_04072013_fr.pdf\" target=\"_blank\" rel=\"noopener noreferrer\">G-023 &#8211; Guide d\u2019autocontr\u00f4le dans le secteur Horeca<\/a><br \/>\n&#8211; <a href=\"http:\/\/www.afsca.be\/autocontrole-fr\/guides\/distribution\/g025\/_documents\/G-025v2Fr_20151015.pdf\" target=\"_blank\" rel=\"noopener noreferrer\">G-025 &#8211; Guide d&rsquo;autocontr\u00f4le pour le secteur des cuisines de collectivit\u00e9s<\/a><br \/>\n&#8211; <a href=\"https:\/\/www.cefor.be\/Actualites\/Secteurs\/Secteur1\/Afsca_Hygiene_Cuisines_Collectivites.pdf\" target=\"_blank\" rel=\"noopener noreferrer\">Hygi\u00e8ne dans les cuisines de collectivit\u00e9s (slides CEFOR)<\/a><br \/>\n&#8211; <a href=\"http:\/\/www.afsca.be\/professionnels\/autocontrole\/guides\/fichesqs\/\" target=\"_blank\" rel=\"noopener noreferrer\">Fiches \u00ab\u00a0Quick Start\u00a0\u00bb<\/a><br \/>\n<img loading=\"lazy\" decoding=\"async\" class=\"alignnone size-full wp-image-517\" src=\"https:\/\/cebe.be\/htm\/wp-content\/uploads\/2018\/01\/saut_de_ligne_15.png\" alt=\"\" width=\"15\" height=\"15\"><\/li>\n<li><strong>F\u00e9d\u00e9ration Inter-Environnement Wallonie<\/strong><br \/>\n&#8211; <a href=\"https:\/\/www.iew.be\/IMG\/pdf\/carnet4_filierecmb.pdf\" target=\"_blank\" rel=\"noopener noreferrer\">La durabilit\u00e9 en circuit court : la fili\u00e8re c\u00e9r\u00e9ales, meunerie, boulangerie<\/a><br \/>\n<img loading=\"lazy\" decoding=\"async\" class=\"alignnone size-full wp-image-517\" src=\"https:\/\/cebe.be\/htm\/wp-content\/uploads\/2018\/01\/saut_de_ligne_15.png\" alt=\"\" width=\"15\" height=\"15\"><\/li>\n<\/ul>\n","protected":false},"excerpt":{"rendered":"<p>R\u00e9glementation en boulangerie &#8211; fours \u00e0 pain AFSCA &#8211; Agr\u00e9ments : page g\u00e9n\u00e9rale &#8211;&nbsp; Agr\u00e9ment &#8211; cas particulier : FAQ 20.&nbsp; Asbl ne produisant et\/ou ne mettant en vente des denr\u00e9es alimentaires que de mani\u00e8re occasionnelle &#8211; Agr\u00e9ment&nbsp; &#8211; cas particulier : FAQ 35.&nbsp; Ateliers de cuisine Guides de bonnes&#8230;<\/p>\n","protected":false},"author":1,"featured_media":0,"parent":0,"menu_order":0,"comment_status":"closed","ping_status":"closed","template":"","meta":{"_bbp_topic_count":0,"_bbp_reply_count":0,"_bbp_total_topic_count":0,"_bbp_total_reply_count":0,"_bbp_voice_count":0,"_bbp_anonymous_reply_count":0,"_bbp_topic_count_hidden":0,"_bbp_reply_count_hidden":0,"_bbp_forum_subforum_count":0,"footnotes":""},"class_list":["post-809","page","type-page","status-publish","hentry"],"_links":{"self":[{"href":"https:\/\/www.fournilhtm.be\/htm\/wp-json\/wp\/v2\/pages\/809","targetHints":{"allow":["GET"]}}],"collection":[{"href":"https:\/\/www.fournilhtm.be\/htm\/wp-json\/wp\/v2\/pages"}],"about":[{"href":"https:\/\/www.fournilhtm.be\/htm\/wp-json\/wp\/v2\/types\/page"}],"author":[{"embeddable":true,"href":"https:\/\/www.fournilhtm.be\/htm\/wp-json\/wp\/v2\/users\/1"}],"replies":[{"embeddable":true,"href":"https:\/\/www.fournilhtm.be\/htm\/wp-json\/wp\/v2\/comments?post=809"}],"version-history":[{"count":2,"href":"https:\/\/www.fournilhtm.be\/htm\/wp-json\/wp\/v2\/pages\/809\/revisions"}],"predecessor-version":[{"id":811,"href":"https:\/\/www.fournilhtm.be\/htm\/wp-json\/wp\/v2\/pages\/809\/revisions\/811"}],"wp:attachment":[{"href":"https:\/\/www.fournilhtm.be\/htm\/wp-json\/wp\/v2\/media?parent=809"}],"curies":[{"name":"wp","href":"https:\/\/api.w.org\/{rel}","templated":true}]}}