{"id":782,"date":"2019-03-13T07:44:07","date_gmt":"2019-03-13T06:44:07","guid":{"rendered":"https:\/\/cebe.be\/htm\/?page_id=782"},"modified":"2019-03-18T08:47:42","modified_gmt":"2019-03-18T07:47:42","slug":"newsletter","status":"publish","type":"page","link":"https:\/\/www.fournilhtm.be\/htm\/newsletter\/","title":{"rendered":"Newsletter"},"content":{"rendered":"<h2>Formulaire<\/h2>\n<p><script type=\"text\/javascript\" src=\"https:\/\/webform.statslive.info\/ow\/eyJpdiI6Ik1xemp4cVwvSmZMVmQ5V1NwbmVaQjdDSzF3QVNtQVpcL3FsTUNTTFwveUFveHc9IiwidmFsdWUiOiJQWTN6UWxobHhtUkpmUUlzb1NmUzI2Q3Q1NUlvWHVMYkRtN1FvaVRrRDhvPSIsIm1hYyI6ImNhZTdmNGFiMjk3OGJmZjcwNDYxNGU0MGFlZWY3MzU2ZGYwZDkyZjgxYmQ1OTY4NWVhNDQwOGU4ZjA0NjVkMmEifQ==\"><\/script><\/p>\n<h3>Traitement des donn\u00e9es personnelles<\/h3>\n<p>Conform\u00e9ment \u00e0 la l\u00e9gislation en vigueur vous disposez d&rsquo;un droit d&rsquo;acc\u00e8s, de modification, de rectification et de suppression des donn\u00e9es qui vous concernent (loi du 8\/12\/1992). Les informations ne sont jamais transmises \u00e0 des tiers.<\/p>\n","protected":false},"excerpt":{"rendered":"<p>Formulaire Traitement des donn\u00e9es personnelles Conform\u00e9ment \u00e0 la l\u00e9gislation en vigueur vous disposez d&rsquo;un droit d&rsquo;acc\u00e8s, de modification, de rectification et de suppression des donn\u00e9es qui vous concernent (loi du 8\/12\/1992). Les informations ne sont jamais transmises \u00e0 des tiers.<\/p>\n","protected":false},"author":1,"featured_media":0,"parent":0,"menu_order":0,"comment_status":"closed","ping_status":"closed","template":"","meta":{"_bbp_topic_count":0,"_bbp_reply_count":0,"_bbp_total_topic_count":0,"_bbp_total_reply_count":0,"_bbp_voice_count":0,"_bbp_anonymous_reply_count":0,"_bbp_topic_count_hidden":0,"_bbp_reply_count_hidden":0,"_bbp_forum_subforum_count":0,"footnotes":""},"class_list":["post-782","page","type-page","status-publish","hentry"],"_links":{"self":[{"href":"https:\/\/www.fournilhtm.be\/htm\/wp-json\/wp\/v2\/pages\/782","targetHints":{"allow":["GET"]}}],"collection":[{"href":"https:\/\/www.fournilhtm.be\/htm\/wp-json\/wp\/v2\/pages"}],"about":[{"href":"https:\/\/www.fournilhtm.be\/htm\/wp-json\/wp\/v2\/types\/page"}],"author":[{"embeddable":true,"href":"https:\/\/www.fournilhtm.be\/htm\/wp-json\/wp\/v2\/users\/1"}],"replies":[{"embeddable":true,"href":"https:\/\/www.fournilhtm.be\/htm\/wp-json\/wp\/v2\/comments?post=782"}],"version-history":[{"count":3,"href":"https:\/\/www.fournilhtm.be\/htm\/wp-json\/wp\/v2\/pages\/782\/revisions"}],"predecessor-version":[{"id":882,"href":"https:\/\/www.fournilhtm.be\/htm\/wp-json\/wp\/v2\/pages\/782\/revisions\/882"}],"wp:attachment":[{"href":"https:\/\/www.fournilhtm.be\/htm\/wp-json\/wp\/v2\/media?parent=782"}],"curies":[{"name":"wp","href":"https:\/\/api.w.org\/{rel}","templated":true}]}}