{"id":776,"date":"2019-03-13T07:34:17","date_gmt":"2019-03-13T06:34:17","guid":{"rendered":"https:\/\/cebe.be\/htm\/?page_id=776"},"modified":"2020-03-14T15:46:36","modified_gmt":"2020-03-14T14:46:36","slug":"reseau-des-fours-a-pains-2","status":"publish","type":"page","link":"https:\/\/www.fournilhtm.be\/htm\/reseau-des-fours-a-pains-2\/","title":{"rendered":"R\u00e9seau des Fours \u00e0 Pains"},"content":{"rendered":"\n<h2 class=\"wp-block-heading\">R\u00e9seau des fours \u00e0 pain bruxellois<\/h2>\n\n\n\n<div class=\"wp-block-media-text alignwide has-media-on-the-right\" style=\"grid-template-columns:auto 28%\"><figure class=\"wp-block-media-text__media\"><img loading=\"lazy\" decoding=\"async\" width=\"218\" height=\"138\" src=\"https:\/\/cebe.be\/htm\/wp-content\/uploads\/2019\/03\/logo_reseau.png\" alt=\"\" class=\"wp-image-883\"\/><\/figure><div class=\"wp-block-media-text__content\">\n<p>Depuis quelques ann\u00e9es et surtout depuis 2018, les projets de nouveaux fours \u00e0 pains se multiplient.<\/p>\n\n\n\n<p>De l\u00e0 l\u2019id\u00e9e de cr\u00e9er un r\u00e9seau pour renforcer les contacts, partager le savoir-faire et les moyens disponibles.<\/p>\n<\/div><\/div>\n\n\n\n<p> Cette d\u00e9marche n\u2019emp\u00eache pas les collaborations hors Bruxelles. <\/p>\n\n\n\n<hr class=\"wp-block-separator\"\/>\n\n\n\n<div class=\"wp-block-media-text alignwide has-media-on-the-right\" style=\"grid-template-columns:auto 26%\"><figure class=\"wp-block-media-text__media\"><img loading=\"lazy\" decoding=\"async\" width=\"250\" height=\"230\" src=\"https:\/\/cebe.be\/htm\/wp-content\/uploads\/2019\/06\/LogoGF_FR_lisere_cmyk-e1559928727255.png\" alt=\"\" class=\"wp-image-1080\"\/><\/figure><div class=\"wp-block-media-text__content\">\n<p class=\"has-text-align-left\"><em>Avec le soutien de Bruxelles Environnement, dans le cadre de l\u2019appel \u00e0 projet \u00ab\u00a0Inspirons le Quartier \u00bb<\/em><\/p>\n<\/div><\/div>\n\n\n\n<hr class=\"wp-block-separator\"\/>\n\n\n\n<div class=\"wp-block-button alignright\"><a class=\"wp-block-button__link has-background\" href=\"https:\/\/www.fournilhtm.be\/htm\/ressources\/\" style=\"background-color:#a36200\">Ressources utiles<\/a><\/div>\n\n\n\n<div class=\"wp-block-button\"><a class=\"wp-block-button__link has-background\" href=\"https:\/\/www.fournilhtm.be\/htm\/reseau-des-fours-a-pains\/\" style=\"background-color:#a36200\">Liste des fours \u00e0 pains bruxellois<\/a><\/div>\n","protected":false},"excerpt":{"rendered":"<p>R\u00e9seau des fours \u00e0 pain bruxellois Depuis quelques ann\u00e9es et surtout depuis 2018, les projets de nouveaux fours \u00e0 pains se multiplient. De l\u00e0 l\u2019id\u00e9e de cr\u00e9er un r\u00e9seau pour renforcer les contacts, partager le savoir-faire et les moyens disponibles. Cette d\u00e9marche n\u2019emp\u00eache pas les collaborations hors Bruxelles. Avec le&#8230;<\/p>\n","protected":false},"author":1,"featured_media":0,"parent":0,"menu_order":0,"comment_status":"closed","ping_status":"closed","template":"","meta":{"_bbp_topic_count":0,"_bbp_reply_count":0,"_bbp_total_topic_count":0,"_bbp_total_reply_count":0,"_bbp_voice_count":0,"_bbp_anonymous_reply_count":0,"_bbp_topic_count_hidden":0,"_bbp_reply_count_hidden":0,"_bbp_forum_subforum_count":0,"footnotes":""},"class_list":["post-776","page","type-page","status-publish","hentry"],"_links":{"self":[{"href":"https:\/\/www.fournilhtm.be\/htm\/wp-json\/wp\/v2\/pages\/776","targetHints":{"allow":["GET"]}}],"collection":[{"href":"https:\/\/www.fournilhtm.be\/htm\/wp-json\/wp\/v2\/pages"}],"about":[{"href":"https:\/\/www.fournilhtm.be\/htm\/wp-json\/wp\/v2\/types\/page"}],"author":[{"embeddable":true,"href":"https:\/\/www.fournilhtm.be\/htm\/wp-json\/wp\/v2\/users\/1"}],"replies":[{"embeddable":true,"href":"https:\/\/www.fournilhtm.be\/htm\/wp-json\/wp\/v2\/comments?post=776"}],"version-history":[{"count":14,"href":"https:\/\/www.fournilhtm.be\/htm\/wp-json\/wp\/v2\/pages\/776\/revisions"}],"predecessor-version":[{"id":1311,"href":"https:\/\/www.fournilhtm.be\/htm\/wp-json\/wp\/v2\/pages\/776\/revisions\/1311"}],"wp:attachment":[{"href":"https:\/\/www.fournilhtm.be\/htm\/wp-json\/wp\/v2\/media?parent=776"}],"curies":[{"name":"wp","href":"https:\/\/api.w.org\/{rel}","templated":true}]}}