{"id":327,"date":"2017-12-31T17:18:34","date_gmt":"2017-12-31T16:18:34","guid":{"rendered":"https:\/\/cebe.be\/htm\/?page_id=327"},"modified":"2019-05-17T11:21:17","modified_gmt":"2019-05-17T09:21:17","slug":"liens","status":"publish","type":"page","link":"https:\/\/www.fournilhtm.be\/htm\/liens\/","title":{"rendered":"Les c\u00e9r\u00e9ales"},"content":{"rendered":"<h2>C\u00e9r\u00e9ales<\/h2>\n<ul>\n<li><strong>AFSCA<\/strong><br \/>\n&#8211; <a href=\"http:\/\/www.kvbm-armb.be\/fr\/dossiers-2\/securite-alimentaire\/guide-autocontrole\/\" target=\"_blank\" rel=\"noopener noreferrer\">G-020 &#8211; Guide d&rsquo;autocontr\u00f4le pour la meunerie<\/a><br \/>\n<img loading=\"lazy\" decoding=\"async\" class=\"alignnone size-full wp-image-517\" src=\"https:\/\/cebe.be\/htm\/wp-content\/uploads\/2018\/01\/saut_de_ligne_15.png\" alt=\"\" width=\"15\" height=\"15\" \/><\/li>\n<li><strong>Itin\u00e9raires bio<\/strong><br \/>\n&#8211; <a href=\"https:\/\/www.biowallonie.com\/wp-content\/uploads\/2017\/04\/BIOW-5270-ITBIO-26_1.4.pdf\" target=\"_blank\" rel=\"noopener noreferrer\">La transformation des c\u00e9r\u00e9ales<\/a><br \/>\n<img loading=\"lazy\" decoding=\"async\" class=\"alignnone size-full wp-image-517\" src=\"https:\/\/cebe.be\/htm\/wp-content\/uploads\/2018\/01\/saut_de_ligne_15.png\" alt=\"\" width=\"15\" height=\"15\" \/><\/li>\n<li><strong>Diversiferm<\/strong><br \/>\n&#8211; <a href=\"http:\/\/diversiferm.be\/wp-content\/uploads\/2018\/01\/vademecum-fiche-11-meunerie.pdf\" target=\"_blank\" rel=\"noopener noreferrer\">Fiche 11 &#8211; Vade mecum de la valorisation des produits agricoles et de leur\u00a0 commercialisation en circuits courts<\/a><br \/>\n&#8211; <a href=\"http:\/\/diversiferm.be\/wp-content\/uploads\/2015\/10\/VadeMecum_r%C3%A9vision2017.pdf\" target=\"_blank\" rel=\"noopener noreferrer\">Version longue &#8211; Vade mecum de la valorisation des produits agricoles et de leur\u00a0 commercialisation en circuits courts<\/a><img loading=\"lazy\" decoding=\"async\" class=\"alignnone size-full wp-image-517\" src=\"https:\/\/cebe.be\/htm\/wp-content\/uploads\/2018\/01\/saut_de_ligne_15.png\" alt=\"\" width=\"15\" height=\"15\" \/><\/li>\n<\/ul>\n<h3>Anciennes c\u00e9r\u00e9ales<\/h3>\n<ul>\n<li><img loading=\"lazy\" decoding=\"async\" class=\"size-full wp-image-946 alignright\" src=\"https:\/\/cebe.be\/htm\/wp-content\/uploads\/2019\/05\/logo_li_mestere.png\" alt=\"\" width=\"200\" height=\"108\" \/><a href=\"https:\/\/www.limestere.be\/\" target=\"_blank\" rel=\"noopener noreferrer\">Li Mest\u00e8re<\/a> rassemble des paysans, meuniers, boulangers, chercheurs et consommateurs qui travaillent en r\u00e9seau pour sauver les anciennes c\u00e9r\u00e9ales.<\/li>\n<\/ul>\n<hr \/>\n","protected":false},"excerpt":{"rendered":"<p>C\u00e9r\u00e9ales AFSCA &#8211; G-020 &#8211; Guide d&rsquo;autocontr\u00f4le pour la meunerie Itin\u00e9raires bio &#8211; La transformation des c\u00e9r\u00e9ales Diversiferm &#8211; Fiche 11 &#8211; Vade mecum de la valorisation des produits agricoles et de leur\u00a0 commercialisation en circuits courts &#8211; Version longue &#8211; Vade mecum de la valorisation des produits agricoles et&#8230;<\/p>\n","protected":false},"author":1,"featured_media":0,"parent":0,"menu_order":0,"comment_status":"closed","ping_status":"closed","template":"","meta":{"_bbp_topic_count":0,"_bbp_reply_count":0,"_bbp_total_topic_count":0,"_bbp_total_reply_count":0,"_bbp_voice_count":0,"_bbp_anonymous_reply_count":0,"_bbp_topic_count_hidden":0,"_bbp_reply_count_hidden":0,"_bbp_forum_subforum_count":0,"footnotes":""},"class_list":["post-327","page","type-page","status-publish","hentry"],"_links":{"self":[{"href":"https:\/\/www.fournilhtm.be\/htm\/wp-json\/wp\/v2\/pages\/327","targetHints":{"allow":["GET"]}}],"collection":[{"href":"https:\/\/www.fournilhtm.be\/htm\/wp-json\/wp\/v2\/pages"}],"about":[{"href":"https:\/\/www.fournilhtm.be\/htm\/wp-json\/wp\/v2\/types\/page"}],"author":[{"embeddable":true,"href":"https:\/\/www.fournilhtm.be\/htm\/wp-json\/wp\/v2\/users\/1"}],"replies":[{"embeddable":true,"href":"https:\/\/www.fournilhtm.be\/htm\/wp-json\/wp\/v2\/comments?post=327"}],"version-history":[{"count":48,"href":"https:\/\/www.fournilhtm.be\/htm\/wp-json\/wp\/v2\/pages\/327\/revisions"}],"predecessor-version":[{"id":947,"href":"https:\/\/www.fournilhtm.be\/htm\/wp-json\/wp\/v2\/pages\/327\/revisions\/947"}],"wp:attachment":[{"href":"https:\/\/www.fournilhtm.be\/htm\/wp-json\/wp\/v2\/media?parent=327"}],"curies":[{"name":"wp","href":"https:\/\/api.w.org\/{rel}","templated":true}]}}