{"id":318,"date":"2017-12-31T17:09:02","date_gmt":"2017-12-31T16:09:02","guid":{"rendered":"https:\/\/cebe.be\/htm\/?page_id=318"},"modified":"2022-01-16T10:29:20","modified_gmt":"2022-01-16T09:29:20","slug":"contact","status":"publish","type":"page","link":"https:\/\/www.fournilhtm.be\/htm\/contact\/","title":{"rendered":"Contact"},"content":{"rendered":"<h1>Fournil de l&rsquo;Hof ter Musschen<\/h1>\n<h2><span style=\"font-family: Helvetica, Arial, sans-serif;\">Adresse courrier<br \/>\n<\/span><\/h2>\n<p><img decoding=\"async\" class=\"wp-image-6 alignleft\" src=\"https:\/\/cebe.be\/htm\/wp-content\/uploads\/2017\/11\/logo_fournil_wh-300x210.png\" alt=\"\" width=\"190\" srcset=\"https:\/\/www.fournilhtm.be\/htm\/wp-content\/uploads\/2017\/11\/logo_fournil_wh-300x210.png 300w, https:\/\/www.fournilhtm.be\/htm\/wp-content\/uploads\/2017\/11\/logo_fournil_wh-768x539.png 768w, https:\/\/www.fournilhtm.be\/htm\/wp-content\/uploads\/2017\/11\/logo_fournil_wh-750x526.png 750w, https:\/\/www.fournilhtm.be\/htm\/wp-content\/uploads\/2017\/11\/logo_fournil_wh-400x281.png 400w, https:\/\/www.fournilhtm.be\/htm\/wp-content\/uploads\/2017\/11\/logo_fournil_wh-430x302.png 430w, https:\/\/www.fournilhtm.be\/htm\/wp-content\/uploads\/2017\/11\/logo_fournil_wh-150x105.png 150w, https:\/\/www.fournilhtm.be\/htm\/wp-content\/uploads\/2017\/11\/logo_fournil_wh-100x70.png 100w, https:\/\/www.fournilhtm.be\/htm\/wp-content\/uploads\/2017\/11\/logo_fournil_wh.png 864w\" sizes=\"(max-width: 300px) 100vw, 300px\" \/><\/p>\n<p><span style=\"font-family: Helvetica, Arial, sans-serif;\">Avenue Anatole France 83<br \/>\nB-1030 Schaerbeek<br \/>\nBelgique<br \/>\nFormulaire de contact ci-dessous.<br \/>\n<\/span><\/p>\n<p><img loading=\"lazy\" decoding=\"async\" class=\"alignnone size-full wp-image-517\" src=\"https:\/\/www.fournilhtm.be\/htm\/wp-content\/uploads\/2018\/01\/saut_de_ligne_15.png\" alt=\"\" width=\"15\" height=\"15\" \/><\/p>\n<hr \/>\n<h2><span style=\"font-family: Helvetica, Arial, sans-serif;\">Adresse du fournil<br \/>\n<\/span><\/h2>\n<p><img decoding=\"async\" class=\"alignleft\" src=\"https:\/\/www.cebe.be\/cebe\/images\/fournil\/2005_10_29_img_2587.jpg\" alt=\"\" width=\"190\" \/><\/p>\n<p><span style=\"font-family: Helvetica, Arial, sans-serif;\">Avenue Hippocrate, 1er sentier \u00e0 droite en venant du Bld de la Woluwe<br \/>\nB-1200 Woluwe<\/span><\/p>\n<p><img loading=\"lazy\" decoding=\"async\" class=\"alignnone size-full wp-image-517\" src=\"https:\/\/www.fournilhtm.be\/htm\/wp-content\/uploads\/2018\/01\/saut_de_ligne_15.png\" alt=\"\" width=\"15\" height=\"15\" \/><\/p>\n<p><a name=\"contact\"><\/a><\/p>\n<hr \/>\n<h2>Contact<\/h2>\n<p><span style=\"color: #ff0000;\"><strong>MERCI de respecter le temps libre des b\u00e9n\u00e9voles et<br \/>\n<\/strong><\/span><\/p>\n<ul>\n<li><span style=\"color: #ff0000;\"><strong>de ne pas nous contacter pour nous demander les prochaines dates de formation : <\/strong><\/span>allez sur la <a href=\"https:\/\/www.fournilhtm.be\/htm\/formation-a-la-boulangerie\/\">page formation<\/a> et si les nouvelles dates ne sont pas visibles, inscrivez-vous \u00e0 la <strong><a href=\"https:\/\/cebe.be\/htm\/mailing-list\/\">mailing-list<\/a><\/strong> pour \u00eatre averti de l&rsquo;ouverture des inscriptions \u00e0 la prochaine saison. Il ne sera plus r\u00e9pondu \u00e0 ce genre de demande.<\/li>\n<li><span style=\"color: #ff0000;\"><strong>de ne pas nous contacter pour nous demander s&rsquo;il y a \u00ab\u00a0moyen de suivre une formation\u00a0\u00bb : <\/strong><\/span>allez sur la <a href=\"https:\/\/www.fournilhtm.be\/htm\/formation-a-la-boulangerie\/\">page formation<\/a>. Il ne sera plus r\u00e9pondu \u00e0 ce genre de demande.<\/li>\n<\/ul>\n<h3><u>Plus de place aux formations ?<\/u><\/h3>\n<ul>\n<li style=\"list-style-type: none;\">\n<ul>\n<li>Envoyez-nous un <a href=\"https:\/\/cebe.be\/htm\/contact\/\">mail<\/a> pour vous mettre en liste d&rsquo;attente en cas de d\u00e9sistement dans l&rsquo;ann\u00e9e en cours.<\/li>\n<li>Inscrivez-vous \u00e0 la <strong><a href=\"https:\/\/cebe.be\/htm\/mailing-list\/\">mailing-list<\/a><\/strong> pour \u00eatre averti de l&rsquo;ouverture des inscriptions \u00e0 la prochaine saison.<\/li>\n<\/ul>\n<\/li>\n<\/ul>\n<p><img loading=\"lazy\" decoding=\"async\" class=\"alignnone size-full wp-image-517\" src=\"https:\/\/www.fournilhtm.be\/htm\/wp-content\/uploads\/2018\/01\/saut_de_ligne_15.png\" alt=\"\" width=\"15\" height=\"15\" \/><\/p>\n<p>Pour tout autre sujet, utilisez le formulaire ci-dessous. Merci pour votre compr\u00e9hension.<\/p>\n\n<div class=\"wpcf7 no-js\" id=\"wpcf7-f408-o1\" lang=\"fr-BE\" dir=\"ltr\" data-wpcf7-id=\"408\">\n<div class=\"screen-reader-response\"><p role=\"status\" aria-live=\"polite\" aria-atomic=\"true\"><\/p> <ul><\/ul><\/div>\n<form action=\"\/htm\/wp-json\/wp\/v2\/pages\/318#wpcf7-f408-o1\" method=\"post\" class=\"wpcf7-form init\" aria-label=\"Contact form\" novalidate=\"novalidate\" data-status=\"init\">\n<fieldset class=\"hidden-fields-container\"><input type=\"hidden\" name=\"_wpcf7\" value=\"408\" \/><input type=\"hidden\" name=\"_wpcf7_version\" value=\"6.1.5\" \/><input type=\"hidden\" name=\"_wpcf7_locale\" value=\"fr_BE\" \/><input type=\"hidden\" name=\"_wpcf7_unit_tag\" value=\"wpcf7-f408-o1\" \/><input type=\"hidden\" name=\"_wpcf7_container_post\" value=\"0\" \/><input type=\"hidden\" name=\"_wpcf7_posted_data_hash\" value=\"\" \/>\n<\/fieldset>\n<p><label> Pr\u00e9nom *<br \/>\n<span class=\"wpcf7-form-control-wrap\" data-name=\"prenom\"><input size=\"40\" maxlength=\"400\" class=\"wpcf7-form-control wpcf7-text wpcf7-validates-as-required\" aria-required=\"true\" aria-invalid=\"false\" value=\"\" type=\"text\" name=\"prenom\" \/><\/span> <\/label>\n<\/p>\n<p><label> Nom *<br \/>\n<span class=\"wpcf7-form-control-wrap\" data-name=\"nom\"><input size=\"40\" maxlength=\"400\" class=\"wpcf7-form-control wpcf7-text wpcf7-validates-as-required\" aria-required=\"true\" aria-invalid=\"false\" value=\"\" type=\"text\" name=\"nom\" \/><\/span> <\/label>\n<\/p>\n<p><label> Votre email *<br \/>\n<span class=\"wpcf7-form-control-wrap\" data-name=\"your-email\"><input size=\"40\" maxlength=\"400\" class=\"wpcf7-form-control wpcf7-email wpcf7-validates-as-required wpcf7-text wpcf7-validates-as-email\" aria-required=\"true\" aria-invalid=\"false\" value=\"\" type=\"email\" name=\"your-email\" \/><\/span> <\/label>\n<\/p>\n<p><span class=\"wpcf7-form-control-wrap\" data-name=\"contact_type\"><span class=\"wpcf7-form-control wpcf7-radio\"><span class=\"wpcf7-list-item first\"><input type=\"radio\" name=\"contact_type\" value=\"Contact Fournil\" checked=\"checked\" \/><span class=\"wpcf7-list-item-label\">Contact Fournil<\/span><\/span><span class=\"wpcf7-list-item last\"><input type=\"radio\" name=\"contact_type\" value=\"Contact R\u00e9seau des fours \u00e0 pain\" \/><span class=\"wpcf7-list-item-label\">Contact R\u00e9seau des fours \u00e0 pain<\/span><\/span><\/span><\/span>\n<\/p>\n<p><label> Votre message*<br \/>\n<span class=\"wpcf7-form-control-wrap\" data-name=\"comment\"><textarea cols=\"40\" rows=\"10\" maxlength=\"2000\" class=\"wpcf7-form-control wpcf7-textarea wpcf7-validates-as-required\" aria-required=\"true\" aria-invalid=\"false\" name=\"comment\"><\/textarea><\/span> <\/label>\n<\/p>\n<p><input type=\"hidden\" name=\"_wpcf7_captcha_challenge_captcha-1\" value=\"1037037271\" \/><img loading=\"lazy\" decoding=\"async\" class=\"wpcf7-form-control wpcf7-captchac wpcf7-captcha-captcha-1\" width=\"72\" height=\"24\" alt=\"captcha\" src=\"https:\/\/www.fournilhtm.be\/htm\/wp-content\/uploads\/wpcf7_captcha\/1037037271.png\" \/><span class=\"wpcf7-form-control-wrap\" data-name=\"captcha-1\"><input size=\"40\" class=\"wpcf7-form-control wpcf7-captchar\" autocomplete=\"off\" aria-invalid=\"false\" value=\"\" type=\"text\" name=\"captcha-1\" \/><\/span><br \/>\n<span class=\"wpcf7-form-control-wrap kc_captcha\" data-name=\"kc_captcha\"><span class=\"wpcf7-form-control wpcf7-radio\"><span class=\"captcha-image\" ><span class=\"cf7ic_instructions\">Please prove you are human by selecting the<span> house<\/span>.<\/span><label><input aria-label=\"1\" type=\"radio\" name=\"kc_captcha\" value=\"kc_human\" \/><svg aria-hidden=\"true\" role=\"img\" xmlns=\"http:\/\/www.w3.org\/2000\/svg\" viewBox=\"0 0 576 512\"><path fill=\"currentColor\" d=\"M488 313v143c0 13-11 24-24 24H348c-7 0-12-5-12-12V356c0-7-5-12-12-12h-72c-7 0-12 5-12 12v112c0 7-5 12-12 12H112c-13 0-24-11-24-24V313c0-4 2-7 4-10l188-154c5-4 11-4 16 0l188 154c2 3 4 6 4 10zm84-61l-84-69V44c0-6-5-12-12-12h-56c-7 0-12 6-12 12v73l-89-74a48 48 0 00-61 0L4 252c-5 4-5 12-1 17l25 31c5 5 12 5 17 1l235-193c5-4 11-4 16 0l235 193c5 5 13 4 17-1l25-31c4-6 4-13-1-17z\"\/><\/svg><\/label><label><input aria-label=\"2\" type=\"radio\" name=\"kc_captcha\" value=\"bot\" \/><svg aria-hidden=\"true\" role=\"img\" xmlns=\"http:\/\/www.w3.org\/2000\/svg\" viewBox=\"0 0 512 512\"><path fill=\"currentColor\" d=\"M350 99c-54 0-98-35-166-35-25 0-47 4-68 12a56 56 0 004-24C118 24 95 1 66 0a56 56 0 00-34 102v386c0 13 11 24 24 24h16c13 0 24-11 24-24v-94c28-12 64-23 114-23 54 0 98 35 166 35 48 0 86-16 122-41 9-6 14-15 14-26V96c0-23-24-39-45-29-35 16-77 32-117 32z\"\/><\/svg><\/label><label><input aria-label=\"3\" type=\"radio\" name=\"kc_captcha\" value=\"bot\" \/><svg aria-hidden=\"true\" role=\"img\" xmlns=\"http:\/\/www.w3.org\/2000\/svg\" viewBox=\"0 0 512 512\"><path fill=\"currentColor\" d=\"M512 176a176 176 0 01-209 173l-24 27a24 24 0 01-18 8h-37v40c0 13-11 24-24 24h-40v40c0 13-11 24-24 24H24c-13 0-24-11-24-24v-78c0-6 3-13 7-17l162-162a176 176 0 11343-55zm-176-48a48 48 0 1096 0 48 48 0 00-96 0z\"\/><\/svg><\/label>\r\n    <\/span>\r\n    <span style=\"display:none\">\r\n        <input type=\"text\" name=\"kc_honeypot\">\r\n    <\/span><\/span><\/span>\n<\/p>\n<p><input class=\"wpcf7-form-control wpcf7-submit has-spinner\" type=\"submit\" value=\"Envoyer\" \/>\n<\/p><p style=\"display: none !important;\" class=\"akismet-fields-container\" data-prefix=\"_wpcf7_ak_\"><label>&#916;<textarea name=\"_wpcf7_ak_hp_textarea\" cols=\"45\" rows=\"8\" maxlength=\"100\"><\/textarea><\/label><input type=\"hidden\" id=\"ak_js_1\" name=\"_wpcf7_ak_js\" value=\"71\"\/><script>document.getElementById( \"ak_js_1\" ).setAttribute( \"value\", ( new Date() ).getTime() );<\/script><\/p><div class=\"wpcf7-response-output\" aria-hidden=\"true\"><\/div>\n<\/form>\n<\/div>\n\n","protected":false},"excerpt":{"rendered":"<p>Fournil de l&rsquo;Hof ter Musschen Adresse courrier Avenue Anatole France 83 B-1030 Schaerbeek Belgique Formulaire de contact ci-dessous. Adresse du fournil Avenue Hippocrate, 1er sentier \u00e0 droite en venant du Bld de la Woluwe B-1200 Woluwe Contact MERCI de respecter le temps libre des b\u00e9n\u00e9voles et de ne pas nous&#8230;<\/p>\n","protected":false},"author":1,"featured_media":0,"parent":0,"menu_order":0,"comment_status":"closed","ping_status":"closed","template":"","meta":{"_bbp_topic_count":0,"_bbp_reply_count":0,"_bbp_total_topic_count":0,"_bbp_total_reply_count":0,"_bbp_voice_count":0,"_bbp_anonymous_reply_count":0,"_bbp_topic_count_hidden":0,"_bbp_reply_count_hidden":0,"_bbp_forum_subforum_count":0,"footnotes":""},"class_list":["post-318","page","type-page","status-publish","hentry"],"_links":{"self":[{"href":"https:\/\/www.fournilhtm.be\/htm\/wp-json\/wp\/v2\/pages\/318","targetHints":{"allow":["GET"]}}],"collection":[{"href":"https:\/\/www.fournilhtm.be\/htm\/wp-json\/wp\/v2\/pages"}],"about":[{"href":"https:\/\/www.fournilhtm.be\/htm\/wp-json\/wp\/v2\/types\/page"}],"author":[{"embeddable":true,"href":"https:\/\/www.fournilhtm.be\/htm\/wp-json\/wp\/v2\/users\/1"}],"replies":[{"embeddable":true,"href":"https:\/\/www.fournilhtm.be\/htm\/wp-json\/wp\/v2\/comments?post=318"}],"version-history":[{"count":19,"href":"https:\/\/www.fournilhtm.be\/htm\/wp-json\/wp\/v2\/pages\/318\/revisions"}],"predecessor-version":[{"id":1763,"href":"https:\/\/www.fournilhtm.be\/htm\/wp-json\/wp\/v2\/pages\/318\/revisions\/1763"}],"wp:attachment":[{"href":"https:\/\/www.fournilhtm.be\/htm\/wp-json\/wp\/v2\/media?parent=318"}],"curies":[{"name":"wp","href":"https:\/\/api.w.org\/{rel}","templated":true}]}}