{"id":310,"date":"2017-12-31T17:06:17","date_gmt":"2017-12-31T16:06:17","guid":{"rendered":"https:\/\/cebe.be\/htm\/?page_id=310"},"modified":"2020-03-14T15:53:39","modified_gmt":"2020-03-14T14:53:39","slug":"ressources","status":"publish","type":"page","link":"https:\/\/www.fournilhtm.be\/htm\/ressources\/","title":{"rendered":"Ressources"},"content":{"rendered":"<p><img loading=\"lazy\" decoding=\"async\" class=\"size-medium wp-image-507 alignright\" src=\"https:\/\/cebe.be\/htm\/wp-content\/uploads\/2018\/01\/IMG_8563_wrk_350-300x200.jpg\" alt=\"\" width=\"300\" height=\"200\" srcset=\"https:\/\/www.fournilhtm.be\/htm\/wp-content\/uploads\/2018\/01\/IMG_8563_wrk_350-300x200.jpg 300w, https:\/\/www.fournilhtm.be\/htm\/wp-content\/uploads\/2018\/01\/IMG_8563_wrk_350-272x182.jpg 272w, https:\/\/www.fournilhtm.be\/htm\/wp-content\/uploads\/2018\/01\/IMG_8563_wrk_350.jpg 350w\" sizes=\"auto, (max-width: 300px) 100vw, 300px\" \/><\/p>\n<p><img loading=\"lazy\" decoding=\"async\" class=\"alignnone size-full wp-image-517\" src=\"https:\/\/cebe.be\/htm\/wp-content\/uploads\/2018\/01\/saut_de_ligne_15.png\" alt=\"\" width=\"15\" height=\"15\" \/><img loading=\"lazy\" decoding=\"async\" class=\"alignnone size-full wp-image-525\" src=\"https:\/\/cebe.be\/htm\/wp-content\/uploads\/2018\/01\/saut_de_ligne_4.png\" alt=\"\" width=\"4\" height=\"4\" \/><\/p>\n<ul>\n<li>Fournil et four \u00e0 pain<br \/>\n&#8211; <a href=\"https:\/\/www.fournilhtm.be\/htm\/construire\/\">Construire \/ r\u00e9nover<\/a><br \/>\n&#8211; <a href=\"https:\/\/www.fournilhtm.be\/htm\/gerer-le-feu\/\">G\u00e9rer le feu<\/a><br \/>\n&#8211; <a href=\"https:\/\/www.fournilhtm.be\/htm\/materiel-de-boulangerie\/\">Mat\u00e9riel<\/a><br \/>\n&#8211; <a href=\"https:\/\/cebe.be\/htm\/reglementation\/\">R\u00e9glementation<\/a><br \/>\n&#8211; <a href=\"https:\/\/www.fournilhtm.be\/htm\/animer\/\">Animer<\/a><br \/>\n<img loading=\"lazy\" decoding=\"async\" class=\"alignnone size-full wp-image-525\" src=\"https:\/\/cebe.be\/htm\/wp-content\/uploads\/2018\/01\/saut_de_ligne_4.png\" alt=\"\" width=\"4\" height=\"4\" \/><\/li>\n<li><a href=\"https:\/\/www.fournilhtm.be\/htm\/bonnes-adresses\/https:\/\/cebe.be\/htm\/bonnes-adresses\">Boulangeries et Farines<\/a><br \/>\n<img loading=\"lazy\" decoding=\"async\" class=\"alignright size-full wp-image-517\" src=\"https:\/\/www.fournilhtm.be\/htm\/wp-content\/uploads\/2018\/01\/saut_de_ligne_15.png\" alt=\"\" width=\"15\" height=\"15\" \/><img loading=\"lazy\" decoding=\"async\" class=\"alignright size-full wp-image-517\" src=\"https:\/\/www.fournilhtm.be\/htm\/wp-content\/uploads\/2018\/01\/saut_de_ligne_15.png\" alt=\"\" width=\"15\" height=\"15\" \/><\/li>\n<li><a href=\"https:\/\/www.fournilhtm.be\/htm\/liens\/\">Les c\u00e9r\u00e9ales<\/a><\/li>\n<li><a href=\"https:\/\/www.fournilhtm.be\/htm\/le-pain\/\">Le pain<\/a><img loading=\"lazy\" decoding=\"async\" class=\"alignnone size-full wp-image-525\" src=\"https:\/\/cebe.be\/htm\/wp-content\/uploads\/2018\/01\/saut_de_ligne_4.png\" alt=\"\" width=\"4\" height=\"4\" \/><\/li>\n<li><a href=\"https:\/\/www.fournilhtm.be\/htm\/moulins\/\">Moulins<\/a><img loading=\"lazy\" decoding=\"async\" class=\"alignright size-full wp-image-517\" src=\"https:\/\/www.fournilhtm.be\/htm\/wp-content\/uploads\/2018\/01\/saut_de_ligne_15.png\" alt=\"\" width=\"15\" height=\"15\" \/><br \/>\n<img loading=\"lazy\" decoding=\"async\" class=\"alignright size-full wp-image-517\" src=\"https:\/\/www.fournilhtm.be\/htm\/wp-content\/uploads\/2018\/01\/saut_de_ligne_15.png\" alt=\"\" width=\"15\" height=\"15\" \/><\/li>\n<li><a href=\"https:\/\/www.fournilhtm.be\/htm\/publications\/\">Publications<\/a><\/li>\n<\/ul>\n","protected":false},"excerpt":{"rendered":"<p>Fournil et four \u00e0 pain &#8211; Construire \/ r\u00e9nover &#8211; G\u00e9rer le feu &#8211; Mat\u00e9riel &#8211; R\u00e9glementation &#8211; Animer Boulangeries et Farines Les c\u00e9r\u00e9ales Le pain Moulins Publications<\/p>\n","protected":false},"author":1,"featured_media":0,"parent":0,"menu_order":0,"comment_status":"closed","ping_status":"closed","template":"","meta":{"_bbp_topic_count":0,"_bbp_reply_count":0,"_bbp_total_topic_count":0,"_bbp_total_reply_count":0,"_bbp_voice_count":0,"_bbp_anonymous_reply_count":0,"_bbp_topic_count_hidden":0,"_bbp_reply_count_hidden":0,"_bbp_forum_subforum_count":0,"footnotes":""},"class_list":["post-310","page","type-page","status-publish","hentry"],"_links":{"self":[{"href":"https:\/\/www.fournilhtm.be\/htm\/wp-json\/wp\/v2\/pages\/310","targetHints":{"allow":["GET"]}}],"collection":[{"href":"https:\/\/www.fournilhtm.be\/htm\/wp-json\/wp\/v2\/pages"}],"about":[{"href":"https:\/\/www.fournilhtm.be\/htm\/wp-json\/wp\/v2\/types\/page"}],"author":[{"embeddable":true,"href":"https:\/\/www.fournilhtm.be\/htm\/wp-json\/wp\/v2\/users\/1"}],"replies":[{"embeddable":true,"href":"https:\/\/www.fournilhtm.be\/htm\/wp-json\/wp\/v2\/comments?post=310"}],"version-history":[{"count":14,"href":"https:\/\/www.fournilhtm.be\/htm\/wp-json\/wp\/v2\/pages\/310\/revisions"}],"predecessor-version":[{"id":1315,"href":"https:\/\/www.fournilhtm.be\/htm\/wp-json\/wp\/v2\/pages\/310\/revisions\/1315"}],"wp:attachment":[{"href":"https:\/\/www.fournilhtm.be\/htm\/wp-json\/wp\/v2\/media?parent=310"}],"curies":[{"name":"wp","href":"https:\/\/api.w.org\/{rel}","templated":true}]}}