{"id":204,"date":"2017-12-31T15:34:13","date_gmt":"2017-12-31T14:34:13","guid":{"rendered":"https:\/\/cebe.be\/htm\/?page_id=204"},"modified":"2025-03-19T17:38:12","modified_gmt":"2025-03-19T16:38:12","slug":"mailing-list","status":"publish","type":"page","link":"https:\/\/www.fournilhtm.be\/htm\/mailing-list\/","title":{"rendered":"Mailing-list HTM"},"content":{"rendered":"<p>En vous inscrivant \u00e0 notre mailing-list, vous serez tenu au courant :<\/p>\n<ul>\n<li class=\"bullet\">des <strong>activit\u00e9s du fournil de l&rsquo;Hof Ter Musschen<br \/>\n<img loading=\"lazy\" decoding=\"async\" class=\"alignnone size-full wp-image-525\" src=\"https:\/\/cebe.be\/htm\/wp-content\/uploads\/2018\/01\/saut_de_ligne_4.png\" alt=\"\" width=\"4\" height=\"4\" \/><br \/>\n<\/strong><\/li>\n<li class=\"bullet\">des <strong>fourn\u00e9es banales<\/strong>.<br \/>\n<img loading=\"lazy\" decoding=\"async\" class=\"alignnone size-full wp-image-525\" src=\"https:\/\/cebe.be\/htm\/wp-content\/uploads\/2018\/01\/saut_de_ligne_4.png\" alt=\"\" width=\"4\" height=\"4\" \/><\/li>\n<li class=\"bullet\">de l&rsquo;<strong>ouverture des inscriptions<\/strong>.<\/li>\n<\/ul>\n<p>Les envois se font avec <strong>parcimonie<\/strong> (1 x par mois pour l&rsquo;information g\u00e9n\u00e9rale) mais cette fr\u00e9quence peut exceptionnellement \u00eatre adapt\u00e9e en cas d&rsquo;urgence (p\u00e9tition, etc.)<\/p>\n<h2>Formulaire<\/h2>\n<p><script type=\"text\/javascript\" src=\"https:\/\/webform.statslive.info\/ow\/eyJpdiI6InZxZWJZOWNCRDB3MkI3ZDFkV2tROXJXazJGYThEeFVmWXZcL0xURDMrUUx3PSIsInZhbHVlIjoiTERCRkN6K3B0b3Q0SUgzRzhQT2hUWlB0RHFJSFwvUVdqWGhLZDFzWUUreDA9IiwibWFjIjoiMGJmY2VjODdhYmU0NjU1ZGQwMzYwMGU2NmIxODRlNWQ1ZDcxYjA3OTQzOTE0NWY1NDZiZTc5M2Q3MGJiZTBlMCJ9\"><\/script><\/p>\n<h3>Traitement des donn\u00e9es personnelles<\/h3>\n<p>Conform\u00e9ment \u00e0 la l\u00e9gislation en vigueur vous disposez d&rsquo;un droit d&rsquo;acc\u00e8s, de modification, de rectification et de suppression des donn\u00e9es qui vous concernent (loi du 8\/12\/1992). Les informations ne sont jamais transmises \u00e0 des tiers.<\/p>\n","protected":false},"excerpt":{"rendered":"<p>En vous inscrivant \u00e0 notre mailing-list, vous serez tenu au courant : des activit\u00e9s du fournil de l&rsquo;Hof Ter Musschen des fourn\u00e9es banales. de l&rsquo;ouverture des inscriptions. Les envois se font avec parcimonie (1 x par mois pour l&rsquo;information g\u00e9n\u00e9rale) mais cette fr\u00e9quence peut exceptionnellement \u00eatre adapt\u00e9e en cas d&rsquo;urgence&#8230;<\/p>\n","protected":false},"author":1,"featured_media":0,"parent":0,"menu_order":0,"comment_status":"closed","ping_status":"closed","template":"","meta":{"_bbp_topic_count":0,"_bbp_reply_count":0,"_bbp_total_topic_count":0,"_bbp_total_reply_count":0,"_bbp_voice_count":0,"_bbp_anonymous_reply_count":0,"_bbp_topic_count_hidden":0,"_bbp_reply_count_hidden":0,"_bbp_forum_subforum_count":0,"footnotes":""},"class_list":["post-204","page","type-page","status-publish","hentry"],"_links":{"self":[{"href":"https:\/\/www.fournilhtm.be\/htm\/wp-json\/wp\/v2\/pages\/204","targetHints":{"allow":["GET"]}}],"collection":[{"href":"https:\/\/www.fournilhtm.be\/htm\/wp-json\/wp\/v2\/pages"}],"about":[{"href":"https:\/\/www.fournilhtm.be\/htm\/wp-json\/wp\/v2\/types\/page"}],"author":[{"embeddable":true,"href":"https:\/\/www.fournilhtm.be\/htm\/wp-json\/wp\/v2\/users\/1"}],"replies":[{"embeddable":true,"href":"https:\/\/www.fournilhtm.be\/htm\/wp-json\/wp\/v2\/comments?post=204"}],"version-history":[{"count":7,"href":"https:\/\/www.fournilhtm.be\/htm\/wp-json\/wp\/v2\/pages\/204\/revisions"}],"predecessor-version":[{"id":1853,"href":"https:\/\/www.fournilhtm.be\/htm\/wp-json\/wp\/v2\/pages\/204\/revisions\/1853"}],"wp:attachment":[{"href":"https:\/\/www.fournilhtm.be\/htm\/wp-json\/wp\/v2\/media?parent=204"}],"curies":[{"name":"wp","href":"https:\/\/api.w.org\/{rel}","templated":true}]}}