{"id":1860,"date":"2025-05-04T09:13:38","date_gmt":"2025-05-04T07:13:38","guid":{"rendered":"https:\/\/www.fournilhtm.be\/htm\/?page_id=1860"},"modified":"2026-04-23T08:40:39","modified_gmt":"2026-04-23T06:40:39","slug":"four-devere","status":"publish","type":"page","link":"https:\/\/www.fournilhtm.be\/htm\/four-devere\/","title":{"rendered":"Four d&rsquo;Evere"},"content":{"rendered":"\n<div class=\"wp-block-buttons is-layout-flex wp-block-buttons-is-layout-flex\">\n<div class=\"wp-block-button is-style-fill\"><a class=\"wp-block-button__link has-background wp-element-button\" href=\"#formulaire_banal\" style=\"background-color:#a36200\">&gt; &gt; Agenda et formulaire d&rsquo;inscription<\/a><\/div>\n<\/div>\n\n\n\n<div style=\"height:30px\" aria-hidden=\"true\" class=\"wp-block-spacer\"><\/div>\n\n\n\n<h3 class=\"wp-block-heading\">Le four banal<\/h3>\n\n\n\n<div class=\"wp-block-media-text has-media-on-the-right is-stacked-on-mobile\"><div class=\"wp-block-media-text__content\">\n<p>C\u2019est l\u2019occasion de renouer avec une tradition ancestrale : les participants pr\u00e9parent leurs pains chez eux et viennent les cuire au fournil.<\/p>\n\n\n\n<p>Les fourn\u00e9es banales au Moulin d\u2019Evere sont r\u00e9serv\u00e9es aux habitants d\u2019Evere et Schaerbeek. Sa taille r\u00e9duite limite le nombre de pains \u00e0 cuire. Les <a href=\"https:\/\/www.fournilhtm.be\/htm\/four-banal\/\">fourn\u00e9es banales \u00e0 l&rsquo;Hof ter Musschen<\/a> restent ouvertes \u00e0 tous. <\/p>\n\n\n\n<p>L\u2019enfournement est effectu\u00e9 par les animateurs, en raison du risque de br\u00fblures et de la ma\u00eetrise, rapidit\u00e9 et dext\u00e9rit\u00e9 n\u00e9cessaires. La cuisson dure environ 40 minutes.<\/p>\n<\/div><figure class=\"wp-block-media-text__media\"><img loading=\"lazy\" decoding=\"async\" width=\"1024\" height=\"768\" src=\"https:\/\/www.fournilhtm.be\/htm\/wp-content\/uploads\/2025\/05\/2025_04_four_evere-1024x768.jpg\" alt=\"\" class=\"wp-image-1871 size-full\" srcset=\"https:\/\/www.fournilhtm.be\/htm\/wp-content\/uploads\/2025\/05\/2025_04_four_evere-1024x768.jpg 1024w, https:\/\/www.fournilhtm.be\/htm\/wp-content\/uploads\/2025\/05\/2025_04_four_evere-300x225.jpg 300w, https:\/\/www.fournilhtm.be\/htm\/wp-content\/uploads\/2025\/05\/2025_04_four_evere-768x576.jpg 768w, https:\/\/www.fournilhtm.be\/htm\/wp-content\/uploads\/2025\/05\/2025_04_four_evere-1536x1152.jpg 1536w, https:\/\/www.fournilhtm.be\/htm\/wp-content\/uploads\/2025\/05\/2025_04_four_evere.jpg 2000w\" sizes=\"auto, (max-width: 1024px) 100vw, 1024px\" \/><\/figure><\/div>\n\n\n\n<p>Le four d\u2019Evere est aussi un lieu d\u2019\u00e9changes vivants et dynamiques entre les participants !<\/p>\n\n\n\n<p>Les cuissons ont lieu <strong>chaque quatri\u00e8me dimanche du mois<\/strong> toute l\u2019ann\u00e9e.<\/p>\n\n\n\n<h3 class=\"wp-block-heading\">R\u00e9servation<\/h3>\n\n\n\n<p>La r\u00e9servation est <strong><mark style=\"background-color:rgba(0, 0, 0, 0)\" class=\"has-inline-color has-vivid-red-color\">obligatoire<\/mark><\/strong>, via le formulaire en bas de page.<\/p>\n\n\n\n<p>Il est imp\u00e9ratif de nous pr\u00e9venir de votre venue. Si la fourn\u00e9e est annul\u00e9e, vous serez ainsi pr\u00e9venu. S\u2019il y a trop de monde, il vous sera peut-\u00eatre aussi demand\u00e9 de diminuer la quantit\u00e9 de pain \u00e0 cuire.<\/p>\n\n\n\n<p><strong>Aucune confirmation des inscriptions aux fourn\u00e9es banales n&rsquo;est envoy\u00e9es<\/strong> pour limiter le travail d&rsquo;administration.<\/p>\n\n\n\n<h3 class=\"wp-block-heading\">PAF<\/h3>\n\n\n\n<p>Il vous sera demand\u00e9 1 EUR par pain pour participer aux frais (bois, assurance, extincteur, entretien du four, mat\u00e9riel\u2026), \u00e0 payer sur place directement au fournier ou au formateur.<\/p>\n\n\n\n<p>Les inscription aux fourn\u00e9es banales sont cl\u00f4tur\u00e9es le vendredi qui pr\u00e9c\u00e8de la fourn\u00e9e.<\/p>\n\n\n\n<h3 class=\"wp-block-heading\">Rester inform\u00e9\u2026<\/h3>\n\n\n\n<p>Pour \u00eatre averti des fourn\u00e9es banales et de la vie du fournil, inscrivez-vous \u00e0 notre <a href=\"https:\/\/www.fournilhtm.be\/htm\/mailing-list-evere\/\">mailing-list<\/a>.<\/p>\n\n\n\n<h3 class=\"wp-block-heading\">Dates des fourn\u00e9es banales 2026 (chaque 4<sup>\u00e8me<\/sup> dimanche du mois)<\/h3>\n\n\n\n<p>Attention l\u2019heure des fourn\u00e9es varie selon la saison !<\/p>\n\n\n\n<ul class=\"wp-block-list\">\n<li>Dimanche 25 janvier 15 h<\/li>\n\n\n\n<li>Dimanche 22 f\u00e9vrier 15 h<\/li>\n\n\n\n<li>Dimanche 22 mars 15 h<\/li>\n\n\n\n<li>Dimanche 26 avril 15 h<\/li>\n\n\n\n<li><strong>Samedi<\/strong> 23 mai 15 h<\/li>\n\n\n\n<li>Dimanche 28 juin 17 h<\/li>\n\n\n\n<li>Dimanche 26 juillet 17 h<\/li>\n\n\n\n<li>Dimanche 23 ao\u00fbt 17 h<\/li>\n\n\n\n<li><strong>Samedi 19 septembre 15 h<\/strong><\/li>\n\n\n\n<li>Dimanche 25 octobre 15 h<\/li>\n\n\n\n<li>Dimanche 22 novembre 15 h<\/li>\n\n\n\n<li>Dimanche 27 d\u00e9cembre 15 h<\/li>\n<\/ul>\n\n\n\n<a name=\"formulaire_banal\"><\/a>\n\n\n\n<div style=\"height:33px\" aria-hidden=\"true\" class=\"wp-block-spacer\"><\/div>\n\n\n\n<h3 class=\"wp-block-heading\">Formulaire d&rsquo;inscription<\/h3>\n\n\n\n<div class=\"wp-block-buttons is-layout-flex wp-block-buttons-is-layout-flex\">\n<div class=\"wp-block-button is-style-fill\"><a class=\"wp-block-button__link has-background wp-element-button\" href=\"https:\/\/docs.google.com\/forms\/d\/e\/1FAIpQLSewl3kKJjFFXOANSzpCWOEMHjJwUcJuYq1sfeVqCndcK9pQZg\/viewform\" style=\"background-color:#a36200\">S&rsquo;inscrire \u00e0 une fourn\u00e9e banale<\/a><\/div>\n<\/div>\n\n\n\n<hr class=\"wp-block-separator has-alpha-channel-opacity\"\/>\n\n\n\n<h3 class=\"wp-block-heading\">Avec le soutien de <\/h3>\n\n\n\n<figure class=\"wp-block-image size-full\"><img loading=\"lazy\" decoding=\"async\" width=\"250\" height=\"230\" src=\"https:\/\/www.fournilhtm.be\/htm\/wp-content\/uploads\/2019\/06\/LogoGF_FR_lisere_cmyk-e1559928727255.png\" alt=\"\" class=\"wp-image-1080\"\/><\/figure>\n\n\n\n<figure class=\"wp-block-image size-full\"><img loading=\"lazy\" decoding=\"async\" width=\"202\" height=\"250\" src=\"https:\/\/www.fournilhtm.be\/htm\/wp-content\/uploads\/2025\/05\/logo-evere_250.png\" alt=\"\" class=\"wp-image-1897\"\/><\/figure>\n","protected":false},"excerpt":{"rendered":"<p>Le four banal C\u2019est l\u2019occasion de renouer avec une tradition ancestrale : les participants pr\u00e9parent leurs pains chez eux et viennent les cuire au fournil. Les fourn\u00e9es banales au Moulin d\u2019Evere sont r\u00e9serv\u00e9es aux habitants d\u2019Evere et Schaerbeek. Sa taille r\u00e9duite limite le nombre de pains \u00e0 cuire. Les fourn\u00e9es&#8230;<\/p>\n","protected":false},"author":1,"featured_media":0,"parent":0,"menu_order":0,"comment_status":"closed","ping_status":"closed","template":"","meta":{"_bbp_topic_count":0,"_bbp_reply_count":0,"_bbp_total_topic_count":0,"_bbp_total_reply_count":0,"_bbp_voice_count":0,"_bbp_anonymous_reply_count":0,"_bbp_topic_count_hidden":0,"_bbp_reply_count_hidden":0,"_bbp_forum_subforum_count":0,"footnotes":""},"class_list":["post-1860","page","type-page","status-publish","hentry"],"_links":{"self":[{"href":"https:\/\/www.fournilhtm.be\/htm\/wp-json\/wp\/v2\/pages\/1860","targetHints":{"allow":["GET"]}}],"collection":[{"href":"https:\/\/www.fournilhtm.be\/htm\/wp-json\/wp\/v2\/pages"}],"about":[{"href":"https:\/\/www.fournilhtm.be\/htm\/wp-json\/wp\/v2\/types\/page"}],"author":[{"embeddable":true,"href":"https:\/\/www.fournilhtm.be\/htm\/wp-json\/wp\/v2\/users\/1"}],"replies":[{"embeddable":true,"href":"https:\/\/www.fournilhtm.be\/htm\/wp-json\/wp\/v2\/comments?post=1860"}],"version-history":[{"count":31,"href":"https:\/\/www.fournilhtm.be\/htm\/wp-json\/wp\/v2\/pages\/1860\/revisions"}],"predecessor-version":[{"id":1989,"href":"https:\/\/www.fournilhtm.be\/htm\/wp-json\/wp\/v2\/pages\/1860\/revisions\/1989"}],"wp:attachment":[{"href":"https:\/\/www.fournilhtm.be\/htm\/wp-json\/wp\/v2\/media?parent=1860"}],"curies":[{"name":"wp","href":"https:\/\/api.w.org\/{rel}","templated":true}]}}