{"id":1849,"date":"2025-03-19T17:34:02","date_gmt":"2025-03-19T16:34:02","guid":{"rendered":"https:\/\/www.fournilhtm.be\/htm\/?page_id=1849"},"modified":"2025-03-19T17:38:43","modified_gmt":"2025-03-19T16:38:43","slug":"mailing-list-evere","status":"publish","type":"page","link":"https:\/\/www.fournilhtm.be\/htm\/mailing-list-evere\/","title":{"rendered":"Mailing-list Evere"},"content":{"rendered":"<p>En vous inscrivant \u00e0 notre mailing-list, vous serez tenu au courant :<\/p>\n<ul>\n<li class=\"bullet\">des <strong>activit\u00e9s du four d&rsquo;Evere<br \/>\n<img loading=\"lazy\" decoding=\"async\" class=\"alignnone size-full wp-image-525\" src=\"https:\/\/cebe.be\/htm\/wp-content\/uploads\/2018\/01\/saut_de_ligne_4.png\" alt=\"\" width=\"4\" height=\"4\" \/><br \/>\n<\/strong><\/li>\n<li class=\"bullet\">des <strong>fourn\u00e9es banales<\/strong>.<\/li>\n<\/ul>\n<p>Les envois se font avec <strong>parcimonie<\/strong> (1 x par mois pour l&rsquo;information g\u00e9n\u00e9rale) mais cette fr\u00e9quence peut exceptionnellement \u00eatre adapt\u00e9e en cas d&rsquo;urgence (p\u00e9tition, etc.)<\/p>\n<h2>Formulaire<\/h2>\n<p><script type=\"text\/javascript\" src=\"https:\/\/webform.statslive.info\/ow\/eyJpdiI6IllvK3lMbHR2Ymt6Y1NDUG0rQVlXWVwvNnk0MHBtTVNoSWdqTjNkNzZaN1ZJPSIsIm1hYyI6IjY2MWJiOGU2ZjYxMmNlZTIzYzRiZjhhZGIzMmI2ODgwOGEzMmQ3ODg4YzU2OTI3MzY1MTk4MzZkMzU5ZGIzZDIiLCJ2YWx1ZSI6ImplcXhsS1U2eW5Ob1F0dHladU9LaUZ2ZUNMWWJhalZsZnl0d21qektrTVU9In0=\"><\/script><\/p>\n<h3>Traitement des donn\u00e9es personnelles<\/h3>\n<p>Conform\u00e9ment \u00e0 la l\u00e9gislation en vigueur vous disposez d&rsquo;un droit d&rsquo;acc\u00e8s, de modification, de rectification et de suppression des donn\u00e9es qui vous concernent (loi du 8\/12\/1992). Les informations ne sont jamais transmises \u00e0 des tiers.<\/p>\n","protected":false},"excerpt":{"rendered":"<p>En vous inscrivant \u00e0 notre mailing-list, vous serez tenu au courant : des activit\u00e9s du four d&rsquo;Evere des fourn\u00e9es banales. Les envois se font avec parcimonie (1 x par mois pour l&rsquo;information g\u00e9n\u00e9rale) mais cette fr\u00e9quence peut exceptionnellement \u00eatre adapt\u00e9e en cas d&rsquo;urgence (p\u00e9tition, etc.) Formulaire Traitement des donn\u00e9es personnelles&#8230;<\/p>\n","protected":false},"author":1,"featured_media":0,"parent":0,"menu_order":0,"comment_status":"closed","ping_status":"closed","template":"","meta":{"_bbp_topic_count":0,"_bbp_reply_count":0,"_bbp_total_topic_count":0,"_bbp_total_reply_count":0,"_bbp_voice_count":0,"_bbp_anonymous_reply_count":0,"_bbp_topic_count_hidden":0,"_bbp_reply_count_hidden":0,"_bbp_forum_subforum_count":0,"footnotes":""},"class_list":["post-1849","page","type-page","status-publish","hentry"],"_links":{"self":[{"href":"https:\/\/www.fournilhtm.be\/htm\/wp-json\/wp\/v2\/pages\/1849","targetHints":{"allow":["GET"]}}],"collection":[{"href":"https:\/\/www.fournilhtm.be\/htm\/wp-json\/wp\/v2\/pages"}],"about":[{"href":"https:\/\/www.fournilhtm.be\/htm\/wp-json\/wp\/v2\/types\/page"}],"author":[{"embeddable":true,"href":"https:\/\/www.fournilhtm.be\/htm\/wp-json\/wp\/v2\/users\/1"}],"replies":[{"embeddable":true,"href":"https:\/\/www.fournilhtm.be\/htm\/wp-json\/wp\/v2\/comments?post=1849"}],"version-history":[{"count":2,"href":"https:\/\/www.fournilhtm.be\/htm\/wp-json\/wp\/v2\/pages\/1849\/revisions"}],"predecessor-version":[{"id":1854,"href":"https:\/\/www.fournilhtm.be\/htm\/wp-json\/wp\/v2\/pages\/1849\/revisions\/1854"}],"wp:attachment":[{"href":"https:\/\/www.fournilhtm.be\/htm\/wp-json\/wp\/v2\/media?parent=1849"}],"curies":[{"name":"wp","href":"https:\/\/api.w.org\/{rel}","templated":true}]}}