{"id":1707,"date":"2021-09-11T17:36:32","date_gmt":"2021-09-11T15:36:32","guid":{"rendered":"https:\/\/www.fournilhtm.be\/htm\/?page_id=1707"},"modified":"2021-09-11T17:36:32","modified_gmt":"2021-09-11T15:36:32","slug":"soutenez-nous","status":"publish","type":"page","link":"https:\/\/www.fournilhtm.be\/htm\/soutenez-nous\/","title":{"rendered":"Soutenez-nous"},"content":{"rendered":"<h2><img loading=\"lazy\" decoding=\"async\" class=\"alignright size-medium wp-image-1708\" src=\"https:\/\/www.fournilhtm.be\/htm\/wp-content\/uploads\/2021\/09\/bakery-1868396_640-300x200.jpg\" alt=\"\" width=\"300\" height=\"200\" srcset=\"https:\/\/www.fournilhtm.be\/htm\/wp-content\/uploads\/2021\/09\/bakery-1868396_640-300x200.jpg 300w, https:\/\/www.fournilhtm.be\/htm\/wp-content\/uploads\/2021\/09\/bakery-1868396_640-272x182.jpg 272w, https:\/\/www.fournilhtm.be\/htm\/wp-content\/uploads\/2021\/09\/bakery-1868396_640.jpg 640w\" sizes=\"auto, (max-width: 300px) 100vw, 300px\" \/>Soutenez nos actions en vous faisant membre de l&rsquo;association \u00ab\u00a0Fournil de Hof ter Musschen\u00a0\u00bb.<\/h2>\n<h5>\nNous pourrons ainsi, avec vous, \u00eatre ind\u00e9pendant financi\u00e8rement pour mener \u00e0 bien les projets :<\/h5>\n<ul>\n<li>Diffusion du savoir sur la boulangerie traditionnelle, c&rsquo;est-\u00e0-dire la fabrication d&rsquo;un pain de qualit\u00e9, savoureux avec des ingr\u00e9dients sains<\/li>\n<li>Organisation des fourn\u00e9es banales o\u00f9 chacun vient cuire son pain fait \u00e0 la maison<\/li>\n<li>Diffusion des fours \u00e0 pains communautaires par le d\u00e9veloppement du r\u00e9seau des fours \u00e0 pains<\/li>\n<li>Contribution au projet du cycle complet allant du champ de bl\u00e9 au four en passant par le mouture au moulin \u00e0 vent<\/li>\n<\/ul>\n<p>Le montant de la cotisation annuelle est de 8 \u20ac par an.<br \/>\nLes dons sont les bienvenus \ud83d\ude42<\/p>\n<p>N\u00b0 de compte de l&rsquo;asbl : BE14 5230 8112 1983<br \/>\nCommunication : Cotisation<\/p>\n<p>Merci \u00e0 toutes et tous !<\/p>\n","protected":false},"excerpt":{"rendered":"<p>Soutenez nos actions en vous faisant membre de l&rsquo;association \u00ab\u00a0Fournil de Hof ter Musschen\u00a0\u00bb. Nous pourrons ainsi, avec vous, \u00eatre ind\u00e9pendant financi\u00e8rement pour mener \u00e0 bien les projets : Diffusion du savoir sur la boulangerie traditionnelle, c&rsquo;est-\u00e0-dire la fabrication d&rsquo;un pain de qualit\u00e9, savoureux avec des ingr\u00e9dients sains Organisation des&#8230;<\/p>\n","protected":false},"author":1,"featured_media":0,"parent":0,"menu_order":0,"comment_status":"closed","ping_status":"closed","template":"","meta":{"_bbp_topic_count":0,"_bbp_reply_count":0,"_bbp_total_topic_count":0,"_bbp_total_reply_count":0,"_bbp_voice_count":0,"_bbp_anonymous_reply_count":0,"_bbp_topic_count_hidden":0,"_bbp_reply_count_hidden":0,"_bbp_forum_subforum_count":0,"footnotes":""},"class_list":["post-1707","page","type-page","status-publish","hentry"],"_links":{"self":[{"href":"https:\/\/www.fournilhtm.be\/htm\/wp-json\/wp\/v2\/pages\/1707","targetHints":{"allow":["GET"]}}],"collection":[{"href":"https:\/\/www.fournilhtm.be\/htm\/wp-json\/wp\/v2\/pages"}],"about":[{"href":"https:\/\/www.fournilhtm.be\/htm\/wp-json\/wp\/v2\/types\/page"}],"author":[{"embeddable":true,"href":"https:\/\/www.fournilhtm.be\/htm\/wp-json\/wp\/v2\/users\/1"}],"replies":[{"embeddable":true,"href":"https:\/\/www.fournilhtm.be\/htm\/wp-json\/wp\/v2\/comments?post=1707"}],"version-history":[{"count":1,"href":"https:\/\/www.fournilhtm.be\/htm\/wp-json\/wp\/v2\/pages\/1707\/revisions"}],"predecessor-version":[{"id":1709,"href":"https:\/\/www.fournilhtm.be\/htm\/wp-json\/wp\/v2\/pages\/1707\/revisions\/1709"}],"wp:attachment":[{"href":"https:\/\/www.fournilhtm.be\/htm\/wp-json\/wp\/v2\/media?parent=1707"}],"curies":[{"name":"wp","href":"https:\/\/api.w.org\/{rel}","templated":true}]}}