{"id":17,"date":"2017-11-23T23:30:39","date_gmt":"2017-11-23T22:30:39","guid":{"rendered":"https:\/\/cebe.be\/htm\/?page_id=17"},"modified":"2026-02-12T19:37:45","modified_gmt":"2026-02-12T18:37:45","slug":"four-banal","status":"publish","type":"page","link":"https:\/\/www.fournilhtm.be\/htm\/four-banal\/","title":{"rendered":"Le four banal"},"content":{"rendered":"\n<div class=\"wp-block-button alignleft is-style-default\"><a class=\"wp-block-button__link has-background wp-element-button\" href=\"#formulaire_banal\" style=\"background-color:#a36200\">&gt; &gt; Agenda et formulaire d&rsquo;inscription<\/a><\/div>\n\n\n\n<div style=\"height:31px\" aria-hidden=\"true\" class=\"wp-block-spacer\"><\/div>\n\n\n<h2>Le four banal<\/h2>\n<p>C&rsquo;est l&rsquo;occasion de renouer avec une tradition ancestrale :<strong> les participants pr\u00e9parent leurs pains chez eux et viennent les cuire au fournil<\/strong>. Une armoire de lev\u00e9e, chauff\u00e9e, est disponible pour recevoir les p\u00e2tons avant l&rsquo;enfournement.<\/p>\n<figure style=\"width: 350px\" class=\"wp-caption alignright\"><img loading=\"lazy\" decoding=\"async\" src=\"https:\/\/www.cebe.be\/cebe\/images\/fournil\/2013_05_12Fournil20.JPG\" alt=\"\" width=\"350\" height=\"263\" \/><figcaption class=\"wp-caption-text\">Copyright \u00a9 2017 &#8211; CEBE-MOB<\/figcaption><\/figure>\n<p><strong>De juin \u00e0 septembre, l&rsquo;enfournement a lieu \u00e0 17 h, le reste de l&rsquo;ann\u00e9e \u00e0 15 h<\/strong>. L&rsquo;enfournement est effectu\u00e9 par les animateurs, en raison du risque de br\u00fblures et de la ma\u00eetrise, rapidit\u00e9 et dext\u00e9rit\u00e9 n\u00e9cessaires. La cuisson dure environ 40 minutes.<\/p>\n<p>Le fournil devient un lieu d&rsquo;\u00e9changes vivants et dynamiques entre les participants !<\/p>\n<p>Les cuissons ont lieu <strong>chaque deuxi\u00e8me dimanche<\/strong> du mois toute l&rsquo;ann\u00e9e.<\/p>\n<h3>R\u00e9servation obligatoire<\/h3>\n<p>La r\u00e9servation est <strong>obligatoire<\/strong>, via le formulaire \u00ab\u00a0<a href=\"#formulaire_banal\">Inscription \u00e0 une fourn\u00e9e banale<\/a>\u00ab\u00a0<\/p>\n<p><strong>Il est imp\u00e9ratif de nous pr\u00e9venir de votre venue<\/strong>. Si la fourn\u00e9e est annul\u00e9e, vous serez ainsi pr\u00e9venu. S&rsquo;il y a trop de monde, il vous sera peut-\u00eatre aussi demand\u00e9 de diminuer la quantit\u00e9 de pain \u00e0 cuire.<\/p>\n<p><strong>Aucune confirmation des inscriptions aux fourn\u00e9es banales n&rsquo;est envoy\u00e9es<\/strong> pour limiter le travail d&rsquo;administration.<\/p>\n<p><u>PAF<\/u><\/p>\n<p>Il vous sera demand\u00e9 <strong>1 EUR par pain<\/strong> pour participer aux frais (bois, assurance, extincteur, entretien du four, mat\u00e9riel&#8230;), \u00e0 payer sur place directement au fournier ou au formateur.<\/p>\n<p><span style=\"color: #ff0000;\">Les inscription aux fourn\u00e9es banales sont cl\u00f4tur\u00e9es le vendredi qui pr\u00e9c\u00e8de la fourn\u00e9e.<\/span><\/p>\n<p class=\"pcenter\"><img decoding=\"async\" class=\"aligncenter\" src=\"https:\/\/www.cebe.be\/cebe\/images\/_system\/bullet.gif\" \/><\/p>\n<h2>Rester inform\u00e9&#8230;<\/h2>\n<p>Pour \u00eatre averti des fourn\u00e9es banales et de la vie du fournil, inscrivez-vous \u00e0 notre <a href=\"https:\/\/cebe.be\/htm\/mailing-list\/\">mailing-list<\/a>.<\/p>\n<p><a name=\"formulaire_banal\"><\/a><\/p>\n<p><img decoding=\"async\" class=\"aligncenter\" src=\"https:\/\/www.cebe.be\/cebe\/images\/_system\/bullet.gif\" \/><\/p>\n<p><a name=\"formulaire_banal\"><\/a><\/p>\n<h2>Dates des fourn\u00e9es banales 2026<\/h2>\n<p><img loading=\"lazy\" decoding=\"async\" class=\"alignright\" src=\"https:\/\/www.cebe.be\/cebe\/images\/fournil\/2013_05_12Fournil20.JPG\" alt=\"\" width=\"350\" height=\"263\" \/><\/p>\n<ul>\n<li>Dimanche 11 janvier<img loading=\"lazy\" decoding=\"async\" class=\"alignnone size-full wp-image-525\" src=\"https:\/\/cebe.be\/htm\/wp-content\/uploads\/2018\/01\/saut_de_ligne_4.png\" alt=\"\" width=\"4\" height=\"4\" \/>15 h (HTM)<\/li>\n<li>Dimanche 8 f\u00e9vrier<img loading=\"lazy\" decoding=\"async\" class=\"alignnone size-full wp-image-525\" src=\"https:\/\/cebe.be\/htm\/wp-content\/uploads\/2018\/01\/saut_de_ligne_4.png\" alt=\"\" width=\"4\" height=\"4\" \/>15 h (HTM)<\/li>\n<li>Dimanche 29 mars 15 h<img loading=\"lazy\" decoding=\"async\" class=\"alignnone size-full wp-image-525\" src=\"https:\/\/cebe.be\/htm\/wp-content\/uploads\/2018\/01\/saut_de_ligne_4.png\" alt=\"\" width=\"4\" height=\"4\" \/>(HTM)<\/li>\n<li>Dimanche 12 avril<img loading=\"lazy\" decoding=\"async\" class=\"alignnone size-full wp-image-525\" src=\"https:\/\/cebe.be\/htm\/wp-content\/uploads\/2018\/01\/saut_de_ligne_4.png\" alt=\"\" width=\"4\" height=\"4\" \/>15 h (HTM)<\/li>\n<li>Dimanche 10 mai<img loading=\"lazy\" decoding=\"async\" class=\"alignnone size-full wp-image-525\" src=\"https:\/\/cebe.be\/htm\/wp-content\/uploads\/2018\/01\/saut_de_ligne_4.png\" alt=\"\" width=\"4\" height=\"4\" \/>17 h (HTM)<\/li>\n<li>Dimanche 14 juin<img loading=\"lazy\" decoding=\"async\" class=\"alignnone size-full wp-image-525\" src=\"https:\/\/cebe.be\/htm\/wp-content\/uploads\/2018\/01\/saut_de_ligne_4.png\" alt=\"\" width=\"4\" height=\"4\" \/>17 h (HTM)<img loading=\"lazy\" decoding=\"async\" class=\"alignnone size-full wp-image-525\" src=\"https:\/\/cebe.be\/htm\/wp-content\/uploads\/2018\/01\/saut_de_ligne_4.png\" alt=\"\" width=\"4\" height=\"4\" \/><\/li>\n<li>Dimanche 12 juillet 17 h (HTM)<\/li>\n<li>Dimanche 9 ao\u00fbt 17 h (HTM)<\/li>\n<li>Dimanche 13 septembre 17 h (HTM)<\/li>\n<\/ul>\n<ul>\n<li>Dimanche 11 octobre 15 h (HTM)<\/li>\n<li>Dimanche 8 novembre 15 h (HTM)<\/li>\n<\/ul>\n<ul>\n<li>Dimanche 13 d\u00e9cembre 15 h (HTM)<\/li>\n<\/ul>\n<h2>Formulaire d&rsquo;inscription<\/h2>\n<hr \/>\n\n\n<div class=\"wp-block-buttons is-layout-flex wp-block-buttons-is-layout-flex\">\n<div class=\"wp-block-button is-style-fill\"><a class=\"wp-block-button__link has-background wp-element-button\" href=\"https:\/\/forms.gle\/9NmP1bBHQ2Tsw2yL7\" style=\"background-color:#a36200\">S\u2019inscrire \u00e0 une fourn\u00e9e banale<\/a><\/div>\n<\/div>\n\n\n\n<p><\/p>\n","protected":false},"excerpt":{"rendered":"<p>Le four banal C&rsquo;est l&rsquo;occasion de renouer avec une tradition ancestrale : les participants pr\u00e9parent leurs pains chez eux et viennent les cuire au fournil. Une armoire de lev\u00e9e, chauff\u00e9e, est disponible pour recevoir les p\u00e2tons avant l&rsquo;enfournement. De juin \u00e0 septembre, l&rsquo;enfournement a lieu \u00e0 17 h, le reste&#8230;<\/p>\n","protected":false},"author":1,"featured_media":0,"parent":0,"menu_order":1,"comment_status":"closed","ping_status":"closed","template":"","meta":{"_bbp_topic_count":0,"_bbp_reply_count":0,"_bbp_total_topic_count":0,"_bbp_total_reply_count":0,"_bbp_voice_count":0,"_bbp_anonymous_reply_count":0,"_bbp_topic_count_hidden":0,"_bbp_reply_count_hidden":0,"_bbp_forum_subforum_count":0,"footnotes":""},"class_list":["post-17","page","type-page","status-publish","hentry"],"_links":{"self":[{"href":"https:\/\/www.fournilhtm.be\/htm\/wp-json\/wp\/v2\/pages\/17","targetHints":{"allow":["GET"]}}],"collection":[{"href":"https:\/\/www.fournilhtm.be\/htm\/wp-json\/wp\/v2\/pages"}],"about":[{"href":"https:\/\/www.fournilhtm.be\/htm\/wp-json\/wp\/v2\/types\/page"}],"author":[{"embeddable":true,"href":"https:\/\/www.fournilhtm.be\/htm\/wp-json\/wp\/v2\/users\/1"}],"replies":[{"embeddable":true,"href":"https:\/\/www.fournilhtm.be\/htm\/wp-json\/wp\/v2\/comments?post=17"}],"version-history":[{"count":52,"href":"https:\/\/www.fournilhtm.be\/htm\/wp-json\/wp\/v2\/pages\/17\/revisions"}],"predecessor-version":[{"id":1950,"href":"https:\/\/www.fournilhtm.be\/htm\/wp-json\/wp\/v2\/pages\/17\/revisions\/1950"}],"wp:attachment":[{"href":"https:\/\/www.fournilhtm.be\/htm\/wp-json\/wp\/v2\/media?parent=17"}],"curies":[{"name":"wp","href":"https:\/\/api.w.org\/{rel}","templated":true}]}}