{"id":1337,"date":"2020-04-05T18:56:43","date_gmt":"2020-04-05T16:56:43","guid":{"rendered":"https:\/\/www.fournilhtm.be\/htm\/?page_id=1337"},"modified":"2021-09-12T12:58:56","modified_gmt":"2021-09-12T10:58:56","slug":"nos-champs","status":"publish","type":"page","link":"https:\/\/www.fournilhtm.be\/htm\/nos-champs\/","title":{"rendered":"Nos champs &#038; four"},"content":{"rendered":"\n<p>Un de nos r\u00eaves : faire pousser notre bl\u00e9, choisi avec soin : le semer, le moissonner \u00e0 la faux.<br>Ensuite le moudre dans le moulin \u00e0 vent voisin et enfin, en faire du pain dans le four !<\/p>\n\n\n\n<p>Nous avions ce projet de longue date, mais pas les moyens. <\/p>\n\n\n\n<p>En 2018, Philippe Schoysman a rejoint l\u2019\u00e9quipe.. avec les moyens techniques et les connaissances qui permettent enfin sa r\u00e9alisation !<\/p>\n\n\n\n<figure class=\"wp-block-image size-large\"><img loading=\"lazy\" decoding=\"async\" width=\"1024\" height=\"683\" src=\"https:\/\/www.fournilhtm.be\/htm\/wp-content\/uploads\/2019\/07\/0_IMG_3549-1-1024x683.jpg\" alt=\"\" class=\"wp-image-1138\" srcset=\"https:\/\/www.fournilhtm.be\/htm\/wp-content\/uploads\/2019\/07\/0_IMG_3549-1-1024x683.jpg 1024w, https:\/\/www.fournilhtm.be\/htm\/wp-content\/uploads\/2019\/07\/0_IMG_3549-1-300x200.jpg 300w, https:\/\/www.fournilhtm.be\/htm\/wp-content\/uploads\/2019\/07\/0_IMG_3549-1-768x512.jpg 768w, https:\/\/www.fournilhtm.be\/htm\/wp-content\/uploads\/2019\/07\/0_IMG_3549-1-272x182.jpg 272w\" sizes=\"auto, (max-width: 1024px) 100vw, 1024px\" \/><\/figure>\n\n\n\n<p>Une saison de culture s&rsquo;\u00e9tend sur 2 ann\u00e9es :<br>&#8211; le semis \u00e0 l&rsquo;automne<br>&#8211; la r\u00e9colte l&rsquo;an suivant<\/p>\n\n\n\n<p>Nous entamons notre 2\u00e8me saison !<br>D\u00e9couvrez ce projet ci-dessous !<\/p>\n\n\n\n<ul class=\"wp-block-list\"><li><a href=\"https:\/\/www.fournilhtm.be\/htm\/saison-2020-2021\/\">Saison 2020 &#8211; 2021<\/a><\/li><li><a href=\"https:\/\/www.fournilhtm.be\/htm\/saison-2019-2020\/\">Saison 2019 &#8211; 2020<\/a><\/li><li><a href=\"https:\/\/www.fournilhtm.be\/htm\/champ\/\">Saison 2018 &#8211; 2019<\/a><\/li><\/ul>\n\n\n\n<p><\/p>\n\n\n\n<p><\/p>\n","protected":false},"excerpt":{"rendered":"<p>Un de nos r\u00eaves : faire pousser notre bl\u00e9, choisi avec soin : le semer, le moissonner \u00e0 la faux.Ensuite le moudre dans le moulin \u00e0 vent voisin et enfin, en faire du pain dans le four ! Nous avions ce projet de longue date, mais pas les moyens. En&#8230;<\/p>\n","protected":false},"author":1,"featured_media":0,"parent":0,"menu_order":0,"comment_status":"closed","ping_status":"closed","template":"","meta":{"_bbp_topic_count":0,"_bbp_reply_count":0,"_bbp_total_topic_count":0,"_bbp_total_reply_count":0,"_bbp_voice_count":0,"_bbp_anonymous_reply_count":0,"_bbp_topic_count_hidden":0,"_bbp_reply_count_hidden":0,"_bbp_forum_subforum_count":0,"footnotes":""},"class_list":["post-1337","page","type-page","status-publish","hentry"],"_links":{"self":[{"href":"https:\/\/www.fournilhtm.be\/htm\/wp-json\/wp\/v2\/pages\/1337","targetHints":{"allow":["GET"]}}],"collection":[{"href":"https:\/\/www.fournilhtm.be\/htm\/wp-json\/wp\/v2\/pages"}],"about":[{"href":"https:\/\/www.fournilhtm.be\/htm\/wp-json\/wp\/v2\/types\/page"}],"author":[{"embeddable":true,"href":"https:\/\/www.fournilhtm.be\/htm\/wp-json\/wp\/v2\/users\/1"}],"replies":[{"embeddable":true,"href":"https:\/\/www.fournilhtm.be\/htm\/wp-json\/wp\/v2\/comments?post=1337"}],"version-history":[{"count":5,"href":"https:\/\/www.fournilhtm.be\/htm\/wp-json\/wp\/v2\/pages\/1337\/revisions"}],"predecessor-version":[{"id":1716,"href":"https:\/\/www.fournilhtm.be\/htm\/wp-json\/wp\/v2\/pages\/1337\/revisions\/1716"}],"wp:attachment":[{"href":"https:\/\/www.fournilhtm.be\/htm\/wp-json\/wp\/v2\/media?parent=1337"}],"curies":[{"name":"wp","href":"https:\/\/api.w.org\/{rel}","templated":true}]}}